{"id":2222,"date":"2021-06-29T17:32:56","date_gmt":"2021-06-29T17:32:56","guid":{"rendered":"https:\/\/dev3.8signal.com\/valores-fundamentales\/"},"modified":"2023-10-16T21:00:41","modified_gmt":"2023-10-16T21:00:41","slug":"valores-fundamentales","status":"publish","type":"page","link":"https:\/\/vmlaw.us\/es\/valores-fundamentales\/","title":{"rendered":"Valores Fundamentales"},"content":{"rendered":"\t\t<div data-elementor-type=\"wp-page\" data-elementor-id=\"2222\" class=\"elementor elementor-2222 elementor-938\" data-elementor-post-type=\"page\">\n\t\t\t\t\t\t<section class=\"elementor-section elementor-top-section elementor-element elementor-element-62e9877f elementor-section-boxed elementor-section-height-default elementor-section-height-default\" data-id=\"62e9877f\" data-element_type=\"section\" data-e-type=\"section\">\n\t\t\t\t\t\t<div class=\"elementor-container elementor-column-gap-default\">\n\t\t\t\t\t<div class=\"elementor-column elementor-col-100 elementor-top-column elementor-element elementor-element-22646705\" data-id=\"22646705\" data-element_type=\"column\" data-e-type=\"column\">\n\t\t\t<div class=\"elementor-widget-wrap elementor-element-populated\">\n\t\t\t\t\t\t<div class=\"elementor-element elementor-element-26aabee0 elementor-widget elementor-widget-text-editor\" data-id=\"26aabee0\" data-element_type=\"widget\" data-e-type=\"widget\" data-widget_type=\"text-editor.default\">\n\t\t\t\t<div class=\"elementor-widget-container\">\n\t\t\t\t\t\t\t\t\t<p><strong>Nuestros Valores Fundamentales<\/strong><\/p><p>Comprendemos lo doloroso que puede ser tener un problema de inmigraci\u00f3n. Cuando Usted fija su proyecto de vida y libertad en los EEUU, Usted comienza un viaje que puede ser emocionante pero a la vez dif\u00edcil.<\/p><p>Al conf\u00edar su caso en Villalobos &amp; Moore, puede tener la seguridad que recibir\u00e1 toda nuestra atenci\u00f3n y cuidado.<\/p><p><strong>Nosotros Valoramos:<\/strong><\/p><ul><li><em>Respeto<\/em>: Tanto a los individuos como a nuestra comunidad y sistema legal.<\/li><li><em>Compasi\u00f3n<\/em>: Usted no necesita disculparse por vivir sin documentados \u00f3 por tener problemas complejos de inmigraci\u00f3n.<\/li><li><em>Integridad<\/em>: Nosotros hacemos lo correcto y mantenemos l\u00edneas abiertas de comunicaci\u00f3n con Usted a lo largo de su aplicaci\u00f3n \u00f3 procedimiento.<\/li><li><em>Individuos y familias<\/em>: Creemos firmemente en su derecho humano a elegir su hogar y lealtad.<\/li><li><em>Empat\u00eda<\/em>: Nos ponemos en sus zapatos y le damos una defensa agresiva en su proceso de inmigraci\u00f3n como si fuera para nosotros mismos.<\/li><\/ul><p>Villalobos &amp; Moore est\u00e1 de su lado, y lucharemos por lo que es correcto \u2013 por sus derechos.<\/p><p><strong><a href=\"https:\/\/vmlaw.us\/es\/contact-us\/\">Cont\u00e1ctenos<\/a> para una consulta gratis, o ll\u00e1menos al <a href=\"tel:915-351-1000\">915-351-1000<\/a> de los Estados Unidos o al <a href=\"tel:656-454-5561\">656-454-5561<\/a> de M\u00e9xico.<\/strong><\/p>\t\t\t\t\t\t\t\t<\/div>\n\t\t\t\t<\/div>\n\t\t\t\t\t<\/div>\n\t\t<\/div>\n\t\t\t\t\t<\/div>\n\t\t<\/section>\n\t\t\t\t<\/div>\n\t\t","protected":false},"excerpt":{"rendered":"<p>Nuestros Valores Fundamentales Comprendemos lo doloroso que puede ser tener un problema de inmigraci\u00f3n. Cuando Usted fija su proyecto de vida y libertad en los EEUU, Usted comienza un viaje que puede ser emocionante pero a la vez dif\u00edcil. Al conf\u00edar su caso en Villalobos &amp; Moore, puede tener la seguridad que recibir\u00e1 toda nuestra [&hellip;]<\/p>\n","protected":false},"author":10,"featured_media":1959,"parent":0,"menu_order":0,"comment_status":"closed","ping_status":"closed","template":"","meta":{"om_disable_all_campaigns":false,"_monsterinsights_skip_tracking":false,"_monsterinsights_sitenote_active":false,"_monsterinsights_sitenote_note":"","_monsterinsights_sitenote_category":0,"footnotes":""},"class_list":["post-2222","page","type-page","status-publish","has-post-thumbnail","hentry"],"yoast_head":"<!-- This site is optimized with the Yoast SEO plugin v25.6 - https:\/\/yoast.com\/wordpress\/plugins\/seo\/ -->\n<title>Nuestros valores | Abogado de inmigraci\u00f3n en El Paso, TX<\/title>\n<meta name=\"description\" content=\"Conoce los valores fundamentales que gu\u00edan nuestro trabajo como abogado de inmigraci\u00f3n en El Paso, TX. Servicio legal confiable.\" \/>\n<meta name=\"robots\" content=\"index, follow, max-snippet:-1, max-image-preview:large, max-video-preview:-1\" \/>\n<link rel=\"canonical\" href=\"https:\/\/vmlaw.us\/es\/valores-fundamentales\/\" \/>\n<meta property=\"og:locale\" content=\"es_ES\" \/>\n<meta property=\"og:type\" content=\"article\" \/>\n<meta property=\"og:title\" content=\"Nuestros valores | Abogado de inmigraci\u00f3n en El Paso, TX\" \/>\n<meta property=\"og:description\" content=\"Conoce los valores fundamentales que gu\u00edan nuestro trabajo como abogado de inmigraci\u00f3n en El Paso, TX. Servicio legal confiable.\" \/>\n<meta property=\"og:url\" content=\"https:\/\/vmlaw.us\/es\/valores-fundamentales\/\" \/>\n<meta property=\"og:site_name\" content=\"immigration lawyers in El Paso, Texas\" \/>\n<meta property=\"article:publisher\" content=\"https:\/\/www.facebook.com\/vmlaw\" \/>\n<meta property=\"article:modified_time\" content=\"2023-10-16T21:00:41+00:00\" \/>\n<meta property=\"og:image\" content=\"https:\/\/vmlaw.us\/wp-content\/uploads\/2021\/06\/vml_core_values_child-1024x197-1.png\" \/>\n\t<meta property=\"og:image:width\" content=\"1024\" \/>\n\t<meta property=\"og:image:height\" content=\"197\" \/>\n\t<meta property=\"og:image:type\" content=\"image\/png\" \/>\n<meta name=\"twitter:card\" content=\"summary_large_image\" \/>\n<meta name=\"twitter:title\" content=\"Nuestros valores | Abogado de inmigraci\u00f3n en El Paso, TX\" \/>\n<meta name=\"twitter:description\" content=\"Conoce los valores fundamentales que gu\u00edan nuestro trabajo como abogado de inmigraci\u00f3n en El Paso, TX. Servicio legal confiable.\" \/>\n<meta name=\"twitter:image\" content=\"https:\/\/vmlaw.us\/wp-content\/uploads\/2021\/06\/vml_core_values_child-1024x197-1.png\" \/>\n<meta name=\"twitter:label1\" content=\"Tiempo de lectura\" \/>\n\t<meta name=\"twitter:data1\" content=\"1 minuto\" \/>\n<script type=\"application\/ld+json\" class=\"yoast-schema-graph\">{\"@context\":\"https:\/\/schema.org\",\"@graph\":[{\"@type\":\"WebPage\",\"@id\":\"https:\/\/vmlaw.us\/es\/valores-fundamentales\/\",\"url\":\"https:\/\/vmlaw.us\/es\/valores-fundamentales\/\",\"name\":\"Nuestros valores | Abogado de inmigraci\u00f3n en El Paso, TX\",\"isPartOf\":{\"@id\":\"https:\/\/vmlaw.us\/#website\"},\"primaryImageOfPage\":{\"@id\":\"https:\/\/vmlaw.us\/es\/valores-fundamentales\/#primaryimage\"},\"image\":{\"@id\":\"https:\/\/vmlaw.us\/es\/valores-fundamentales\/#primaryimage\"},\"thumbnailUrl\":\"https:\/\/vmlaw.us\/wp-content\/uploads\/2021\/06\/vml_core_values_child-1024x197-1.png\",\"datePublished\":\"2021-06-29T17:32:56+00:00\",\"dateModified\":\"2023-10-16T21:00:41+00:00\",\"description\":\"Conoce los valores fundamentales que gu\u00edan nuestro trabajo como abogado de inmigraci\u00f3n en El Paso, TX. Servicio legal confiable.\",\"breadcrumb\":{\"@id\":\"https:\/\/vmlaw.us\/es\/valores-fundamentales\/#breadcrumb\"},\"inLanguage\":\"es\",\"potentialAction\":[{\"@type\":\"ReadAction\",\"target\":[\"https:\/\/vmlaw.us\/es\/valores-fundamentales\/\"]}]},{\"@type\":\"ImageObject\",\"inLanguage\":\"es\",\"@id\":\"https:\/\/vmlaw.us\/es\/valores-fundamentales\/#primaryimage\",\"url\":\"https:\/\/vmlaw.us\/wp-content\/uploads\/2021\/06\/vml_core_values_child-1024x197-1.png\",\"contentUrl\":\"https:\/\/vmlaw.us\/wp-content\/uploads\/2021\/06\/vml_core_values_child-1024x197-1.png\",\"width\":1024,\"height\":197,\"caption\":\"values\"},{\"@type\":\"BreadcrumbList\",\"@id\":\"https:\/\/vmlaw.us\/es\/valores-fundamentales\/#breadcrumb\",\"itemListElement\":[{\"@type\":\"ListItem\",\"position\":1,\"name\":\"Home\",\"item\":\"https:\/\/vmlaw.us\/\"},{\"@type\":\"ListItem\",\"position\":2,\"name\":\"Valores Fundamentales\"}]},{\"@type\":\"WebSite\",\"@id\":\"https:\/\/vmlaw.us\/#website\",\"url\":\"https:\/\/vmlaw.us\/\",\"name\":\"immigration lawyers in El Paso, Texas\",\"description\":\"We are a team of passionate immigration attorneys in El Paso, Texas, dedicated to providing expert legal advice and high quality representation in immigration matters.\",\"publisher\":{\"@id\":\"https:\/\/vmlaw.us\/#organization\"},\"potentialAction\":[{\"@type\":\"SearchAction\",\"target\":{\"@type\":\"EntryPoint\",\"urlTemplate\":\"https:\/\/vmlaw.us\/?s={search_term_string}\"},\"query-input\":{\"@type\":\"PropertyValueSpecification\",\"valueRequired\":true,\"valueName\":\"search_term_string\"}}],\"inLanguage\":\"es\"},{\"@type\":\"Organization\",\"@id\":\"https:\/\/vmlaw.us\/#organization\",\"name\":\"immigration lawyers Serving El Paso, Texas | Villalobos & Moore\",\"url\":\"https:\/\/vmlaw.us\/\",\"logo\":{\"@type\":\"ImageObject\",\"inLanguage\":\"es\",\"@id\":\"https:\/\/vmlaw.us\/#\/schema\/logo\/image\/\",\"url\":\"https:\/\/vmlaw.us\/wp-content\/uploads\/2021\/06\/favicon-mustard.png\",\"contentUrl\":\"https:\/\/vmlaw.us\/wp-content\/uploads\/2021\/06\/favicon-mustard.png\",\"width\":345,\"height\":343,\"caption\":\"immigration lawyers Serving El Paso, Texas | Villalobos & Moore\"},\"image\":{\"@id\":\"https:\/\/vmlaw.us\/#\/schema\/logo\/image\/\"},\"sameAs\":[\"https:\/\/www.facebook.com\/vmlaw\"]}]}<\/script>\n<!-- \/ Yoast SEO plugin. -->","yoast_head_json":{"title":"Nuestros valores | Abogado de inmigraci\u00f3n en El Paso, TX","description":"Conoce los valores fundamentales que gu\u00edan nuestro trabajo como abogado de inmigraci\u00f3n en El Paso, TX. Servicio legal confiable.","robots":{"index":"index","follow":"follow","max-snippet":"max-snippet:-1","max-image-preview":"max-image-preview:large","max-video-preview":"max-video-preview:-1"},"canonical":"https:\/\/vmlaw.us\/es\/valores-fundamentales\/","og_locale":"es_ES","og_type":"article","og_title":"Nuestros valores | Abogado de inmigraci\u00f3n en El Paso, TX","og_description":"Conoce los valores fundamentales que gu\u00edan nuestro trabajo como abogado de inmigraci\u00f3n en El Paso, TX. Servicio legal confiable.","og_url":"https:\/\/vmlaw.us\/es\/valores-fundamentales\/","og_site_name":"immigration lawyers in El Paso, Texas","article_publisher":"https:\/\/www.facebook.com\/vmlaw","article_modified_time":"2023-10-16T21:00:41+00:00","og_image":[{"width":1024,"height":197,"url":"https:\/\/vmlaw.us\/wp-content\/uploads\/2021\/06\/vml_core_values_child-1024x197-1.png","type":"image\/png"}],"twitter_card":"summary_large_image","twitter_title":"Nuestros valores | Abogado de inmigraci\u00f3n en El Paso, TX","twitter_description":"Conoce los valores fundamentales que gu\u00edan nuestro trabajo como abogado de inmigraci\u00f3n en El Paso, TX. Servicio legal confiable.","twitter_image":"https:\/\/vmlaw.us\/wp-content\/uploads\/2021\/06\/vml_core_values_child-1024x197-1.png","twitter_misc":{"Tiempo de lectura":"1 minuto"},"schema":{"@context":"https:\/\/schema.org","@graph":[{"@type":"WebPage","@id":"https:\/\/vmlaw.us\/es\/valores-fundamentales\/","url":"https:\/\/vmlaw.us\/es\/valores-fundamentales\/","name":"Nuestros valores | Abogado de inmigraci\u00f3n en El Paso, TX","isPartOf":{"@id":"https:\/\/vmlaw.us\/#website"},"primaryImageOfPage":{"@id":"https:\/\/vmlaw.us\/es\/valores-fundamentales\/#primaryimage"},"image":{"@id":"https:\/\/vmlaw.us\/es\/valores-fundamentales\/#primaryimage"},"thumbnailUrl":"https:\/\/vmlaw.us\/wp-content\/uploads\/2021\/06\/vml_core_values_child-1024x197-1.png","datePublished":"2021-06-29T17:32:56+00:00","dateModified":"2023-10-16T21:00:41+00:00","description":"Conoce los valores fundamentales que gu\u00edan nuestro trabajo como abogado de inmigraci\u00f3n en El Paso, TX. Servicio legal confiable.","breadcrumb":{"@id":"https:\/\/vmlaw.us\/es\/valores-fundamentales\/#breadcrumb"},"inLanguage":"es","potentialAction":[{"@type":"ReadAction","target":["https:\/\/vmlaw.us\/es\/valores-fundamentales\/"]}]},{"@type":"ImageObject","inLanguage":"es","@id":"https:\/\/vmlaw.us\/es\/valores-fundamentales\/#primaryimage","url":"https:\/\/vmlaw.us\/wp-content\/uploads\/2021\/06\/vml_core_values_child-1024x197-1.png","contentUrl":"https:\/\/vmlaw.us\/wp-content\/uploads\/2021\/06\/vml_core_values_child-1024x197-1.png","width":1024,"height":197,"caption":"values"},{"@type":"BreadcrumbList","@id":"https:\/\/vmlaw.us\/es\/valores-fundamentales\/#breadcrumb","itemListElement":[{"@type":"ListItem","position":1,"name":"Home","item":"https:\/\/vmlaw.us\/"},{"@type":"ListItem","position":2,"name":"Valores Fundamentales"}]},{"@type":"WebSite","@id":"https:\/\/vmlaw.us\/#website","url":"https:\/\/vmlaw.us\/","name":"immigration lawyers in El Paso, Texas","description":"We are a team of passionate immigration attorneys in El Paso, Texas, dedicated to providing expert legal advice and high quality representation in immigration matters.","publisher":{"@id":"https:\/\/vmlaw.us\/#organization"},"potentialAction":[{"@type":"SearchAction","target":{"@type":"EntryPoint","urlTemplate":"https:\/\/vmlaw.us\/?s={search_term_string}"},"query-input":{"@type":"PropertyValueSpecification","valueRequired":true,"valueName":"search_term_string"}}],"inLanguage":"es"},{"@type":"Organization","@id":"https:\/\/vmlaw.us\/#organization","name":"immigration lawyers Serving El Paso, Texas | Villalobos & Moore","url":"https:\/\/vmlaw.us\/","logo":{"@type":"ImageObject","inLanguage":"es","@id":"https:\/\/vmlaw.us\/#\/schema\/logo\/image\/","url":"https:\/\/vmlaw.us\/wp-content\/uploads\/2021\/06\/favicon-mustard.png","contentUrl":"https:\/\/vmlaw.us\/wp-content\/uploads\/2021\/06\/favicon-mustard.png","width":345,"height":343,"caption":"immigration lawyers Serving El Paso, Texas | Villalobos & Moore"},"image":{"@id":"https:\/\/vmlaw.us\/#\/schema\/logo\/image\/"},"sameAs":["https:\/\/www.facebook.com\/vmlaw"]}]}},"_links":{"self":[{"href":"https:\/\/vmlaw.us\/es\/wp-json\/wp\/v2\/pages\/2222"}],"collection":[{"href":"https:\/\/vmlaw.us\/es\/wp-json\/wp\/v2\/pages"}],"about":[{"href":"https:\/\/vmlaw.us\/es\/wp-json\/wp\/v2\/types\/page"}],"author":[{"embeddable":true,"href":"https:\/\/vmlaw.us\/es\/wp-json\/wp\/v2\/users\/10"}],"replies":[{"embeddable":true,"href":"https:\/\/vmlaw.us\/es\/wp-json\/wp\/v2\/comments?post=2222"}],"version-history":[{"count":4,"href":"https:\/\/vmlaw.us\/es\/wp-json\/wp\/v2\/pages\/2222\/revisions"}],"predecessor-version":[{"id":4956,"href":"https:\/\/vmlaw.us\/es\/wp-json\/wp\/v2\/pages\/2222\/revisions\/4956"}],"wp:featuredmedia":[{"embeddable":true,"href":"https:\/\/vmlaw.us\/es\/wp-json\/wp\/v2\/media\/1959"}],"wp:attachment":[{"href":"https:\/\/vmlaw.us\/es\/wp-json\/wp\/v2\/media?parent=2222"}],"curies":[{"name":"wp","href":"https:\/\/api.w.org\/{rel}","templated":true}]}}